{"id":127,"date":"2013-12-30T16:44:40","date_gmt":"2013-12-30T15:44:40","guid":{"rendered":"http:\/\/www.scelus.de\/?page_id=127"},"modified":"2014-10-27T10:37:21","modified_gmt":"2014-10-27T09:37:21","slug":"anfertigung-von-bauteilen","status":"publish","type":"page","link":"http:\/\/www.scelus.de\/?page_id=127","title":{"rendered":"Anfertigung von Bauteilen"},"content":{"rendered":"<h2>Anfertigung von Bauteilen<\/h2>\n<ul>\n<li>Machbarkeitsanalysen<\/li>\n<li>Erstellung von Fertigungszeichnung nach Skizze oder Muster<\/li>\n<li>Anfrage von Bauteilen bei externen Lieferanten<\/li>\n<\/ul>\n<p>Sie ben\u00f6tigen Bauteile \/ Normteile die Ihnen so niemand liefern kann?<\/p>\n<p>Wir fertigen f\u00fcr Sie eine fertigungsgerechte Zeichnung nach Ihren Vorgaben an. Auf Wunsch \u00fcbernehmen wir auch die Anfrage von Angeboten bei potentiellen Lieferanten f\u00fcr das gew\u00fcnschte Teil und liefern eine detaillierte \u00dcbersicht bzgl. der m\u00f6glichen Lieferanten, den anfallenden Kosten und Lieferzeiten.<\/p>\n<p><a href=\"http:\/\/www.scelus.de\/wp-content\/uploads\/2014\/01\/bild_1_anfertigung.png\"><img loading=\"lazy\" class=\"alignnone size-full wp-image-144\" src=\"http:\/\/www.scelus.de\/wp-content\/uploads\/2014\/01\/bild_1_anfertigung.png\" alt=\"bild_1_anfertigung\" width=\"640\" height=\"480\" srcset=\"http:\/\/www.scelus.de\/wp-content\/uploads\/2014\/01\/bild_1_anfertigung.png 640w, http:\/\/www.scelus.de\/wp-content\/uploads\/2014\/01\/bild_1_anfertigung-300x225.png 300w\" sizes=\"(max-width: 640px) 100vw, 640px\" \/><\/a><\/p>\n","protected":false},"excerpt":{"rendered":"<p>Anfertigung von Bauteilen Machbarkeitsanalysen Erstellung von Fertigungszeichnung nach Skizze oder Muster Anfrage von Bauteilen bei externen Lieferanten Sie ben\u00f6tigen Bauteile \/ Normteile die Ihnen so niemand liefern kann? Wir fertigen f\u00fcr Sie eine fertigungsgerechte Zeichnung nach Ihren Vorgaben an. Auf Wunsch \u00fcbernehmen wir auch die Anfrage von Angeboten bei potentiellen Lieferanten f\u00fcr das gew\u00fcnschte Teil [&hellip;]<\/p>\n","protected":false},"author":1,"featured_media":0,"parent":37,"menu_order":2,"comment_status":"closed","ping_status":"closed","template":"","meta":[],"_links":{"self":[{"href":"http:\/\/www.scelus.de\/index.php?rest_route=\/wp\/v2\/pages\/127"}],"collection":[{"href":"http:\/\/www.scelus.de\/index.php?rest_route=\/wp\/v2\/pages"}],"about":[{"href":"http:\/\/www.scelus.de\/index.php?rest_route=\/wp\/v2\/types\/page"}],"author":[{"embeddable":true,"href":"http:\/\/www.scelus.de\/index.php?rest_route=\/wp\/v2\/users\/1"}],"replies":[{"embeddable":true,"href":"http:\/\/www.scelus.de\/index.php?rest_route=%2Fwp%2Fv2%2Fcomments&post=127"}],"version-history":[{"count":7,"href":"http:\/\/www.scelus.de\/index.php?rest_route=\/wp\/v2\/pages\/127\/revisions"}],"predecessor-version":[{"id":180,"href":"http:\/\/www.scelus.de\/index.php?rest_route=\/wp\/v2\/pages\/127\/revisions\/180"}],"up":[{"embeddable":true,"href":"http:\/\/www.scelus.de\/index.php?rest_route=\/wp\/v2\/pages\/37"}],"wp:attachment":[{"href":"http:\/\/www.scelus.de\/index.php?rest_route=%2Fwp%2Fv2%2Fmedia&parent=127"}],"curies":[{"name":"wp","href":"https:\/\/api.w.org\/{rel}","templated":true}]}}