{"id":213,"date":"2020-12-02T19:17:29","date_gmt":"2020-12-02T18:17:29","guid":{"rendered":"http:\/\/www.scelus.de\/?page_id=213"},"modified":"2020-12-02T19:19:57","modified_gmt":"2020-12-02T18:19:57","slug":"it-ausstatung","status":"publish","type":"page","link":"http:\/\/www.scelus.de\/?page_id=213","title":{"rendered":"IT Ausstattung (Hard- und Software)"},"content":{"rendered":"<h2>IT Ausstattung (Hard- und Software)<\/h2>\n<p>Wir bieten Ihnen das individuelle Pakte auf Ihre Anfrage.<\/p>\n<p>Vom einfachen Tablet oder Laptop f\u00fcr einen einzigen Mitarbeiter bis hin zur kompletten Ausstattung mehrere Arbeitspl\u00e4tze inkl. Softwarepaket, Netzwerk, Server, NAS und alles was man zur Infrastruktur im B\u00fcro ben\u00f6tigt.<\/p>\n<p>Unseren Leistungen richtigen sich in erster Linie an kleine und mittelst\u00e4ndige Betriebe ohne eigene IT-Abteilung.<\/p>\n","protected":false},"excerpt":{"rendered":"<p>IT Ausstattung (Hard- und Software) Wir bieten Ihnen das individuelle Pakte auf Ihre Anfrage. Vom einfachen Tablet oder Laptop f\u00fcr einen einzigen Mitarbeiter bis hin zur kompletten Ausstattung mehrere Arbeitspl\u00e4tze inkl. Softwarepaket, Netzwerk, Server, NAS und alles was man zur Infrastruktur im B\u00fcro ben\u00f6tigt. Unseren Leistungen richtigen sich in erster Linie an kleine und mittelst\u00e4ndige [&hellip;]<\/p>\n","protected":false},"author":1,"featured_media":0,"parent":37,"menu_order":4,"comment_status":"closed","ping_status":"closed","template":"","meta":[],"_links":{"self":[{"href":"http:\/\/www.scelus.de\/index.php?rest_route=\/wp\/v2\/pages\/213"}],"collection":[{"href":"http:\/\/www.scelus.de\/index.php?rest_route=\/wp\/v2\/pages"}],"about":[{"href":"http:\/\/www.scelus.de\/index.php?rest_route=\/wp\/v2\/types\/page"}],"author":[{"embeddable":true,"href":"http:\/\/www.scelus.de\/index.php?rest_route=\/wp\/v2\/users\/1"}],"replies":[{"embeddable":true,"href":"http:\/\/www.scelus.de\/index.php?rest_route=%2Fwp%2Fv2%2Fcomments&post=213"}],"version-history":[{"count":3,"href":"http:\/\/www.scelus.de\/index.php?rest_route=\/wp\/v2\/pages\/213\/revisions"}],"predecessor-version":[{"id":216,"href":"http:\/\/www.scelus.de\/index.php?rest_route=\/wp\/v2\/pages\/213\/revisions\/216"}],"up":[{"embeddable":true,"href":"http:\/\/www.scelus.de\/index.php?rest_route=\/wp\/v2\/pages\/37"}],"wp:attachment":[{"href":"http:\/\/www.scelus.de\/index.php?rest_route=%2Fwp%2Fv2%2Fmedia&parent=213"}],"curies":[{"name":"wp","href":"https:\/\/api.w.org\/{rel}","templated":true}]}}