{"id":37,"date":"2013-12-22T12:42:24","date_gmt":"2013-12-22T11:42:24","guid":{"rendered":"http:\/\/www.scelus.de\/?page_id=37"},"modified":"2021-01-23T15:01:09","modified_gmt":"2021-01-23T14:01:09","slug":"leistungen","status":"publish","type":"page","link":"http:\/\/www.scelus.de\/?page_id=37","title":{"rendered":"Leistungen"},"content":{"rendered":"<h2><a title=\"Konstruktion\" href=\"http:\/\/www.scelus.de\/?page_id=39\">Konstruktion<\/a><\/h2>\n<ul>\n<li>Konstruktion von Bauteilen oder Baugruppen nach Vorgabe (Skizze, Muster, etc.)<\/li>\n<li>Erstellung von 3D-Daten aus vorhanden Zeichnungen (z.B. alten Papierzeichungen aus dem Archiv oder PDF-Dateien)<\/li>\n<li>Berechnung und Dimensionierung von (kritischen) Bauteilen<br \/>z.B. Festigkeitsberechnung von Getriebewellen, statische Berechnung von Tr\u00e4gern\/Tragwerken<\/li>\n<\/ul>\n<p>\u00a0<\/p>\n<h2><a title=\"Anfertigung von Bauteilen\" href=\"http:\/\/www.scelus.de\/?page_id=127\">Anfertigung von Bauteilen<\/a><\/h2>\n<ul>\n<li>Machbarkeitsanalysen<\/li>\n<li>Erstellung von Fertigungszeichnung nach Skizze oder Muster<\/li>\n<li>Anfrage von Bauteilen bei externen Lieferanten<\/li>\n<\/ul>\n<p>\u00a0<\/p>\n<h2><a title=\"Technische Dokumentation\" href=\"http:\/\/www.scelus.de\/?page_id=41\">Technische Dokumentation<\/a><\/h2>\n<ul>\n<li>Erstellung von technischen Dokumentationen wie z.B. Bedienungsanleitungen<\/li>\n<li>\u00dcberarbeitung \/ Aktualisierung von bestehenden Dokumenten<\/li>\n<li>Unterst\u00fctzung bei CE-Zertifizierungen oder Konformit\u00e4tserkl\u00e4rungen<\/li>\n<\/ul>\n<h2><a title=\"Formularwesen \/ Datenorganisation\" href=\"http:\/\/www.scelus.de\/?page_id=43\">Formularwesen \/ Datenorganisation<\/a><\/h2>\n<ul>\n<li>Erstellung von ausf\u00fcllbaren Formularen f\u00fcr die verschiedensten Zwecke<\/li>\n<li>Anfertigung von Dateien f\u00fcr unterschiedliche Einsatzgebiete zur Erleichterung des Tagesgesch\u00e4ftes<br \/>z.B. Urlaupslanung mit Excel, Kapazit\u00e4tplanung von Mensch und Maschine mit Excel, Datenbanken mit Access, Projektpl\u00e4ne mit Project, etc.<\/li>\n<\/ul>\n<h2><a title=\"Formularwesen \/ Datenorganisation\" href=\"http:\/\/www.scelus.de\/?page_id=213\">IT Ausstattung (Hard- und Software)<\/a><\/h2>\n<ul>\n<li>Beschaffung von Hard- und Software<\/li>\n<li>Installation vor Ort<\/li>\n<li>langfristige Betreuung der Systeme<\/li>\n<\/ul>\n\n\n<p><\/p>\n","protected":false},"excerpt":{"rendered":"<p>Konstruktion Konstruktion von Bauteilen oder Baugruppen nach Vorgabe (Skizze, Muster, etc.) Erstellung von 3D-Daten aus vorhanden Zeichnungen (z.B. alten Papierzeichungen aus dem Archiv oder PDF-Dateien) Berechnung und Dimensionierung von (kritischen) Bauteilenz.B. Festigkeitsberechnung von Getriebewellen, statische Berechnung von Tr\u00e4gern\/Tragwerken \u00a0 Anfertigung von Bauteilen Machbarkeitsanalysen Erstellung von Fertigungszeichnung nach Skizze oder Muster Anfrage von Bauteilen bei externen [&hellip;]<\/p>\n","protected":false},"author":1,"featured_media":0,"parent":0,"menu_order":3,"comment_status":"closed","ping_status":"closed","template":"","meta":[],"_links":{"self":[{"href":"http:\/\/www.scelus.de\/index.php?rest_route=\/wp\/v2\/pages\/37"}],"collection":[{"href":"http:\/\/www.scelus.de\/index.php?rest_route=\/wp\/v2\/pages"}],"about":[{"href":"http:\/\/www.scelus.de\/index.php?rest_route=\/wp\/v2\/types\/page"}],"author":[{"embeddable":true,"href":"http:\/\/www.scelus.de\/index.php?rest_route=\/wp\/v2\/users\/1"}],"replies":[{"embeddable":true,"href":"http:\/\/www.scelus.de\/index.php?rest_route=%2Fwp%2Fv2%2Fcomments&post=37"}],"version-history":[{"count":7,"href":"http:\/\/www.scelus.de\/index.php?rest_route=\/wp\/v2\/pages\/37\/revisions"}],"predecessor-version":[{"id":236,"href":"http:\/\/www.scelus.de\/index.php?rest_route=\/wp\/v2\/pages\/37\/revisions\/236"}],"wp:attachment":[{"href":"http:\/\/www.scelus.de\/index.php?rest_route=%2Fwp%2Fv2%2Fmedia&parent=37"}],"curies":[{"name":"wp","href":"https:\/\/api.w.org\/{rel}","templated":true}]}}