{"id":39,"date":"2013-12-22T12:42:48","date_gmt":"2013-12-22T11:42:48","guid":{"rendered":"http:\/\/www.scelus.de\/?page_id=39"},"modified":"2014-10-27T10:36:42","modified_gmt":"2014-10-27T09:36:42","slug":"konstruktion","status":"publish","type":"page","link":"http:\/\/www.scelus.de\/?page_id=39","title":{"rendered":"Konstruktion"},"content":{"rendered":"<h2>Konstruktion<\/h2>\n<p>Wir konstruieren Bauteilen nach Ihren Vorgaben. Egal ob es sich um eine handschriftliche Skizze handelt oder ob wir die n\u00f6tigen Ma\u00dfe von einem Musterst\u00fcck abnehmen. Es wird ein passendes 3D-Modell erstellt und daraus die fertigungsgerechten 2D-Zeichnungen abgeleitet.<\/p>\n<p><img loading=\"lazy\" class=\" wp-image-130 alignleft\" src=\"http:\/\/www.scelus.de\/wp-content\/uploads\/2013\/12\/bild_1_konstruktion.png\" alt=\"bild_1_konstruktion\" width=\"384\" height=\"288\" srcset=\"http:\/\/www.scelus.de\/wp-content\/uploads\/2013\/12\/bild_1_konstruktion.png 640w, http:\/\/www.scelus.de\/wp-content\/uploads\/2013\/12\/bild_1_konstruktion-300x225.png 300w\" sizes=\"(max-width: 384px) 100vw, 384px\" \/><\/p>\n<p>Erstellung von 3D-Daten aus vorhanden Zeichnungen (z.B. alten Papierzeichnungen aus dem Archiv oder PDF-Dateien)<\/p>\n<p>&nbsp;<\/p>\n<p>&nbsp;<\/p>\n<p>&nbsp;<\/p>\n<p>&nbsp;<\/p>\n<p><img loading=\"lazy\" class=\" wp-image-133 alignright\" src=\"http:\/\/www.scelus.de\/wp-content\/uploads\/2013\/12\/bild_2_konstruktion.png\" alt=\"bild_2_konstruktion\" width=\"384\" height=\"288\" srcset=\"http:\/\/www.scelus.de\/wp-content\/uploads\/2013\/12\/bild_2_konstruktion.png 640w, http:\/\/www.scelus.de\/wp-content\/uploads\/2013\/12\/bild_2_konstruktion-300x225.png 300w\" sizes=\"(max-width: 384px) 100vw, 384px\" \/><\/p>\n<p>Berechnung und Dimensionierung von (kritischen) Bauteilen<\/p>\n<p>z.B. Dimensionierung von Getriebewellen mit Festigkeitsnachweis, statische Berechnung von Tr\u00e4gern und Tragwerken<\/p>\n","protected":false},"excerpt":{"rendered":"<p>Konstruktion Wir konstruieren Bauteilen nach Ihren Vorgaben. Egal ob es sich um eine handschriftliche Skizze handelt oder ob wir die n\u00f6tigen Ma\u00dfe von einem Musterst\u00fcck abnehmen. Es wird ein passendes 3D-Modell erstellt und daraus die fertigungsgerechten 2D-Zeichnungen abgeleitet. Erstellung von 3D-Daten aus vorhanden Zeichnungen (z.B. alten Papierzeichnungen aus dem Archiv oder PDF-Dateien) &nbsp; &nbsp; &nbsp; [&hellip;]<\/p>\n","protected":false},"author":1,"featured_media":0,"parent":37,"menu_order":1,"comment_status":"closed","ping_status":"closed","template":"","meta":[],"_links":{"self":[{"href":"http:\/\/www.scelus.de\/index.php?rest_route=\/wp\/v2\/pages\/39"}],"collection":[{"href":"http:\/\/www.scelus.de\/index.php?rest_route=\/wp\/v2\/pages"}],"about":[{"href":"http:\/\/www.scelus.de\/index.php?rest_route=\/wp\/v2\/types\/page"}],"author":[{"embeddable":true,"href":"http:\/\/www.scelus.de\/index.php?rest_route=\/wp\/v2\/users\/1"}],"replies":[{"embeddable":true,"href":"http:\/\/www.scelus.de\/index.php?rest_route=%2Fwp%2Fv2%2Fcomments&post=39"}],"version-history":[{"count":13,"href":"http:\/\/www.scelus.de\/index.php?rest_route=\/wp\/v2\/pages\/39\/revisions"}],"predecessor-version":[{"id":179,"href":"http:\/\/www.scelus.de\/index.php?rest_route=\/wp\/v2\/pages\/39\/revisions\/179"}],"up":[{"embeddable":true,"href":"http:\/\/www.scelus.de\/index.php?rest_route=\/wp\/v2\/pages\/37"}],"wp:attachment":[{"href":"http:\/\/www.scelus.de\/index.php?rest_route=%2Fwp%2Fv2%2Fmedia&parent=39"}],"curies":[{"name":"wp","href":"https:\/\/api.w.org\/{rel}","templated":true}]}}