{"id":41,"date":"2013-12-22T12:43:07","date_gmt":"2013-12-22T11:43:07","guid":{"rendered":"http:\/\/www.scelus.de\/?page_id=41"},"modified":"2014-10-27T10:38:59","modified_gmt":"2014-10-27T09:38:59","slug":"technische-dokumentation","status":"publish","type":"page","link":"http:\/\/www.scelus.de\/?page_id=41","title":{"rendered":"Technische Dokumentation"},"content":{"rendered":"<h2>Technische Dokumentation<\/h2>\n<ul>\n<li>Erstellung von technischen Dokumentationen wie z.B. Bedienungsanleitungen<\/li>\n<li>\u00dcberarbeitung \/ Aktualisierung von bestehenden Dokumenten<\/li>\n<li>Anfertigung von Explosionszeichungen<\/li>\n<li>Erstellung oder Pflege von technischen Datenbl\u00e4ttern<\/li>\n<li>Unterst\u00fctzung bei CE-Zertifizierungen oder Konformit\u00e4tserkl\u00e4rungen<\/li>\n<\/ul>\n","protected":false},"excerpt":{"rendered":"<p>Technische Dokumentation Erstellung von technischen Dokumentationen wie z.B. Bedienungsanleitungen \u00dcberarbeitung \/ Aktualisierung von bestehenden Dokumenten Anfertigung von Explosionszeichungen Erstellung oder Pflege von technischen Datenbl\u00e4ttern Unterst\u00fctzung bei CE-Zertifizierungen oder Konformit\u00e4tserkl\u00e4rungen<\/p>\n","protected":false},"author":1,"featured_media":0,"parent":37,"menu_order":3,"comment_status":"closed","ping_status":"closed","template":"","meta":[],"_links":{"self":[{"href":"http:\/\/www.scelus.de\/index.php?rest_route=\/wp\/v2\/pages\/41"}],"collection":[{"href":"http:\/\/www.scelus.de\/index.php?rest_route=\/wp\/v2\/pages"}],"about":[{"href":"http:\/\/www.scelus.de\/index.php?rest_route=\/wp\/v2\/types\/page"}],"author":[{"embeddable":true,"href":"http:\/\/www.scelus.de\/index.php?rest_route=\/wp\/v2\/users\/1"}],"replies":[{"embeddable":true,"href":"http:\/\/www.scelus.de\/index.php?rest_route=%2Fwp%2Fv2%2Fcomments&post=41"}],"version-history":[{"count":5,"href":"http:\/\/www.scelus.de\/index.php?rest_route=\/wp\/v2\/pages\/41\/revisions"}],"predecessor-version":[{"id":182,"href":"http:\/\/www.scelus.de\/index.php?rest_route=\/wp\/v2\/pages\/41\/revisions\/182"}],"up":[{"embeddable":true,"href":"http:\/\/www.scelus.de\/index.php?rest_route=\/wp\/v2\/pages\/37"}],"wp:attachment":[{"href":"http:\/\/www.scelus.de\/index.php?rest_route=%2Fwp%2Fv2%2Fmedia&parent=41"}],"curies":[{"name":"wp","href":"https:\/\/api.w.org\/{rel}","templated":true}]}}