{"id":79,"date":"2013-12-23T14:24:21","date_gmt":"2013-12-23T13:24:21","guid":{"rendered":"http:\/\/www.scelus.de\/?page_id=79"},"modified":"2020-12-02T19:09:19","modified_gmt":"2020-12-02T18:09:19","slug":"herzlich-willkommen","status":"publish","type":"page","link":"http:\/\/www.scelus.de\/","title":{"rendered":"\u00dcber uns"},"content":{"rendered":"<p>Wir sind Dienstleister und Partner in den folgenden Bereichen:<\/p>\n<ul>\n<li>Konstruktionsdienstleistungen<\/li>\n<li>technische Dokumentation<\/li>\n<li>Anfertigung von Bauteilen<\/li>\n<li>Office- und Makroprogrammierung<\/li>\n<li>Stammdatenpflege<\/li>\n<li>Kapazit\u00e4tsplanung<\/li>\n<li>IT Ausstattung (Hard- und Software)<\/li>\n<\/ul>\n<p>Weitere Informationen zu unseren Angeboten finden Sie auf unter der Rubrik &#8222;<a title=\"Leistungen\" href=\"http:\/\/www.scelus.de\/?page_id=37\">Leistungen<\/a>&#8222;.<\/p>\n<p>Sollten keine L\u00f6sung f\u00fcr Ihre Problemstellung dabei sein, <a title=\"Kontakt\" href=\"http:\/\/www.scelus.de\/?page_id=35\">kontaktieren<\/a> Sie uns bitte. Wir finden im gemeinsamen Konsens eine L\u00f6sung f\u00fcr Ihr Problem und unterst\u00fctzen bei der Umsetzung.<\/p>\n","protected":false},"excerpt":{"rendered":"<p>Wir sind Dienstleister und Partner in den folgenden Bereichen: Konstruktionsdienstleistungen technische Dokumentation Anfertigung von Bauteilen Office- und Makroprogrammierung Stammdatenpflege Kapazit\u00e4tsplanung IT Ausstattung (Hard- und Software) Weitere Informationen zu unseren Angeboten finden Sie auf unter der Rubrik &#8222;Leistungen&#8222;. Sollten keine L\u00f6sung f\u00fcr Ihre Problemstellung dabei sein, kontaktieren Sie uns bitte. Wir finden im gemeinsamen Konsens eine [&hellip;]<\/p>\n","protected":false},"author":1,"featured_media":0,"parent":0,"menu_order":1,"comment_status":"closed","ping_status":"closed","template":"","meta":[],"_links":{"self":[{"href":"http:\/\/www.scelus.de\/index.php?rest_route=\/wp\/v2\/pages\/79"}],"collection":[{"href":"http:\/\/www.scelus.de\/index.php?rest_route=\/wp\/v2\/pages"}],"about":[{"href":"http:\/\/www.scelus.de\/index.php?rest_route=\/wp\/v2\/types\/page"}],"author":[{"embeddable":true,"href":"http:\/\/www.scelus.de\/index.php?rest_route=\/wp\/v2\/users\/1"}],"replies":[{"embeddable":true,"href":"http:\/\/www.scelus.de\/index.php?rest_route=%2Fwp%2Fv2%2Fcomments&post=79"}],"version-history":[{"count":6,"href":"http:\/\/www.scelus.de\/index.php?rest_route=\/wp\/v2\/pages\/79\/revisions"}],"predecessor-version":[{"id":212,"href":"http:\/\/www.scelus.de\/index.php?rest_route=\/wp\/v2\/pages\/79\/revisions\/212"}],"wp:attachment":[{"href":"http:\/\/www.scelus.de\/index.php?rest_route=%2Fwp%2Fv2%2Fmedia&parent=79"}],"curies":[{"name":"wp","href":"https:\/\/api.w.org\/{rel}","templated":true}]}}